{"id":5707,"date":"2019-07-14T18:04:32","date_gmt":"2019-07-14T15:04:32","guid":{"rendered":"https:\/\/www.krafael.org.il\/aufnahme-von-familien\/"},"modified":"2025-06-03T18:21:20","modified_gmt":"2025-06-03T15:21:20","slug":"aufnahme-von-familien","status":"publish","type":"page","link":"https:\/\/www.krafael.org.il\/de\/aufnahme-von-familien\/","title":{"rendered":"Aufnahme von Familien"},"content":{"rendered":"\t\t<div data-elementor-type=\"wp-post\" data-elementor-id=\"5707\" class=\"elementor elementor-5707 elementor-2539\">\n\t\t\t\t\t\t<section class=\"elementor-section elementor-top-section elementor-element elementor-element-aqgsxym elementor-section-content-middle elementor-hidden-tablet elementor-section-boxed elementor-section-height-default elementor-section-height-default\" data-id=\"aqgsxym\" data-element_type=\"section\" data-e-type=\"section\" data-settings=\"{&quot;background_background&quot;:&quot;classic&quot;}\">\n\t\t\t\t\t\t<div class=\"elementor-container elementor-column-gap-default\">\n\t\t\t\t\t<div class=\"elementor-column elementor-col-50 elementor-top-column elementor-element elementor-element-ehyihnd\" data-id=\"ehyihnd\" data-element_type=\"column\" data-e-type=\"column\">\n\t\t\t<div class=\"elementor-widget-wrap elementor-element-populated\">\n\t\t\t\t\t\t<div class=\"elementor-element elementor-element-pdflewb elementor-widget elementor-widget-heading\" data-id=\"pdflewb\" data-element_type=\"widget\" data-e-type=\"widget\" data-widget_type=\"heading.default\">\n\t\t\t\t<div class=\"elementor-widget-container\">\n\t\t\t\t\t<h1 class=\"elementor-heading-title elementor-size-xl\">Familien<\/h1>\t\t\t\t<\/div>\n\t\t\t\t<\/div>\n\t\t\t\t<div class=\"elementor-element elementor-element-trhyoos elementor-widget elementor-widget-text-editor\" data-id=\"trhyoos\" data-element_type=\"widget\" data-e-type=\"widget\" data-widget_type=\"text-editor.default\">\n\t\t\t\t<div class=\"elementor-widget-container\">\n\t\t\t\t\t\t\t\t\t<p>Um Kfar Rafael langfristig zu erhalten und zu erweitern, suchen wir immer wieder neue Pflegefamilien, die mit uns das gemeinsame Leben mit unseren Betreuten teilen wollen. Aufgrund der besonderen Beschaffenheit des Lebens- und Arbeitsortes sind wir an Menschen mit Erfahrung in dieser Art von Arbeit interessiert, welche auch eine Verbindung zur Anthroposophie haben, aus welcher wir unsere Inspiration ziehen. Das H\u00f6chstalter f\u00fcr Interessierte sollte 40 Jahre nicht \u00fcberschreiten.<br \/>Neben dem Hauselterndasein (dem Zusammenleben mit ca.7 Betreuten und deren Begleitung und Pflege), gibt es vielf\u00e4ltige Besch\u00e4ftigungsm\u00f6glichkeit in der Landwirtschaft und in den Workshops.<br \/>Wenn Sie der Meinung sind, dass Kfar Rafael der Ort sein k\u00f6nnte f\u00fcr Ihre Selbstverwirklichung als Familie, kontaktieren Sie uns bitte\u00a0 \u00fcber die Website.<\/p>\t\t\t\t\t\t\t\t<\/div>\n\t\t\t\t<\/div>\n\t\t\t\t\t<\/div>\n\t\t<\/div>\n\t\t\t\t<div class=\"elementor-column elementor-col-50 elementor-top-column elementor-element elementor-element-ae6c3df\" data-id=\"ae6c3df\" data-element_type=\"column\" data-e-type=\"column\">\n\t\t\t<div class=\"elementor-widget-wrap elementor-element-populated\">\n\t\t\t\t\t\t<div class=\"elementor-element elementor-element-e87f8db elementor-widget elementor-widget-image\" data-id=\"e87f8db\" data-element_type=\"widget\" data-e-type=\"widget\" data-widget_type=\"image.default\">\n\t\t\t\t<div class=\"elementor-widget-container\">\n\t\t\t\t\t\t\t\t\t\t\t\t\t\t\t<img fetchpriority=\"high\" decoding=\"async\" width=\"640\" height=\"427\" src=\"https:\/\/www.krafael.org.il\/wp-content\/uploads\/2018\/05\/kabalat-shabat1B.jpg\" class=\"attachment-full size-full wp-image-4186\" alt=\"\" srcset=\"https:\/\/www.krafael.org.il\/wp-content\/uploads\/2018\/05\/kabalat-shabat1B.jpg 640w, https:\/\/www.krafael.org.il\/wp-content\/uploads\/2018\/05\/kabalat-shabat1B-300x200.jpg 300w\" sizes=\"(max-width: 640px) 100vw, 640px\" \/>\t\t\t\t\t\t\t\t\t\t\t\t\t\t\t<\/div>\n\t\t\t\t<\/div>\n\t\t\t\t\t<\/div>\n\t\t<\/div>\n\t\t\t\t\t<\/div>\n\t\t<\/section>\n\t\t\t\t<section class=\"elementor-section elementor-top-section elementor-element elementor-element-94c52d1 elementor-section-content-middle elementor-hidden-desktop elementor-hidden-phone elementor-section-boxed elementor-section-height-default elementor-section-height-default\" data-id=\"94c52d1\" data-element_type=\"section\" data-e-type=\"section\" data-settings=\"{&quot;background_background&quot;:&quot;classic&quot;}\">\n\t\t\t\t\t\t<div class=\"elementor-container elementor-column-gap-default\">\n\t\t\t\t\t<div class=\"elementor-column elementor-col-100 elementor-top-column elementor-element elementor-element-93188ae\" data-id=\"93188ae\" data-element_type=\"column\" data-e-type=\"column\">\n\t\t\t<div class=\"elementor-widget-wrap elementor-element-populated\">\n\t\t\t\t\t\t<div class=\"elementor-element elementor-element-cf05eba elementor-widget elementor-widget-heading\" data-id=\"cf05eba\" data-element_type=\"widget\" data-e-type=\"widget\" data-widget_type=\"heading.default\">\n\t\t\t\t<div class=\"elementor-widget-container\">\n\t\t\t\t\t<h1 class=\"elementor-heading-title elementor-size-xl\">Familien<\/h1>\t\t\t\t<\/div>\n\t\t\t\t<\/div>\n\t\t\t\t<div class=\"elementor-element elementor-element-1315e52 elementor-widget elementor-widget-text-editor\" data-id=\"1315e52\" data-element_type=\"widget\" data-e-type=\"widget\" data-widget_type=\"text-editor.default\">\n\t\t\t\t<div class=\"elementor-widget-container\">\n\t\t\t\t\t\t\t\t\t<p>Um Kfar Rafael langfristig zu erhalten und zu erweitern, suchen wir immer wieder neue Pflegefamilien, die mit uns das gemeinsame Leben mit unseren Betreuten teilen wollen. Aufgrund der besonderen Beschaffenheit des Lebens- und Arbeitsortes sind wir an Menschen mit Erfahrung\u00a0 in der Arbeit mit Menschen mit besonderen Bed\u00fcrfnissen interessiert und eine auch Verbindung zur Anthroposophie haben, aus welcher wir unsere Inspiration ziehen. Das H\u00f6chstalter f\u00fcr Interessierte sollte 40 Jahre nicht \u00fcberschreiten.<br \/>\nNeben dem Hauselterndasein (dem Zusammenleben mit ca.7 Betreuten und deren Begleitung und Pflege), gibt es vielf\u00e4ltige Besch\u00e4ftigungsm\u00f6glichkeit in der Landwirtschaft und in den Workshops.<br \/>\nWenn Sie der Meinung sind, dass Kfar Rafael der Ort sein k\u00f6nnte f\u00fcr Ihre Selbstverwirklichung als Familie ist, kontaktieren Sie uns bitte\u00a0 \u00fcber die Website.<\/p>\n\t\t\t\t\t\t\t\t<\/div>\n\t\t\t\t<\/div>\n\t\t\t\t<div class=\"elementor-element elementor-element-2b29c5f elementor-widget elementor-widget-image\" data-id=\"2b29c5f\" data-element_type=\"widget\" data-e-type=\"widget\" data-widget_type=\"image.default\">\n\t\t\t\t<div class=\"elementor-widget-container\">\n\t\t\t\t\t\t\t\t\t\t\t\t\t\t\t<img fetchpriority=\"high\" decoding=\"async\" width=\"640\" height=\"427\" src=\"https:\/\/www.krafael.org.il\/wp-content\/uploads\/2018\/05\/kabalat-shabat1B.jpg\" class=\"attachment-full size-full wp-image-4186\" alt=\"\" srcset=\"https:\/\/www.krafael.org.il\/wp-content\/uploads\/2018\/05\/kabalat-shabat1B.jpg 640w, https:\/\/www.krafael.org.il\/wp-content\/uploads\/2018\/05\/kabalat-shabat1B-300x200.jpg 300w\" sizes=\"(max-width: 640px) 100vw, 640px\" \/>\t\t\t\t\t\t\t\t\t\t\t\t\t\t\t<\/div>\n\t\t\t\t<\/div>\n\t\t\t\t\t<\/div>\n\t\t<\/div>\n\t\t\t\t\t<\/div>\n\t\t<\/section>\n\t\t\t\t<section class=\"elementor-section elementor-top-section elementor-element elementor-element-3c0c47d elementor-section-boxed elementor-section-height-default elementor-section-height-default\" data-id=\"3c0c47d\" data-element_type=\"section\" data-e-type=\"section\">\n\t\t\t\t\t\t<div class=\"elementor-container elementor-column-gap-default\">\n\t\t\t\t\t<div class=\"elementor-column elementor-col-100 elementor-top-column elementor-element elementor-element-af7dafd\" data-id=\"af7dafd\" data-element_type=\"column\" data-e-type=\"column\">\n\t\t\t<div class=\"elementor-widget-wrap elementor-element-populated\">\n\t\t\t\t\t\t<div class=\"elementor-element elementor-element-1bae0b0 elementor-widget elementor-widget-video\" data-id=\"1bae0b0\" data-element_type=\"widget\" data-e-type=\"widget\" data-settings=\"{&quot;youtube_url&quot;:&quot;https:\\\/\\\/www.youtube.com\\\/watch?v=bZJYkKNYcRo&quot;,&quot;video_type&quot;:&quot;youtube&quot;,&quot;controls&quot;:&quot;yes&quot;}\" data-widget_type=\"video.default\">\n\t\t\t\t<div class=\"elementor-widget-container\">\n\t\t\t\t\t\t\t<div class=\"elementor-wrapper elementor-open-inline\">\n\t\t\t<div class=\"elementor-video\"><\/div>\t\t<\/div>\n\t\t\t\t\t\t<\/div>\n\t\t\t\t<\/div>\n\t\t\t\t\t<\/div>\n\t\t<\/div>\n\t\t\t\t\t<\/div>\n\t\t<\/section>\n\t\t\t\t<section class=\"elementor-section elementor-top-section elementor-element elementor-element-d25f40b elementor-section-boxed elementor-section-height-default elementor-section-height-default\" data-id=\"d25f40b\" data-element_type=\"section\" data-e-type=\"section\">\n\t\t\t\t\t\t<div class=\"elementor-container elementor-column-gap-default\">\n\t\t\t\t\t<div class=\"elementor-column elementor-col-33 elementor-top-column elementor-element elementor-element-e80dccb\" data-id=\"e80dccb\" data-element_type=\"column\" data-e-type=\"column\">\n\t\t\t<div class=\"elementor-widget-wrap elementor-element-populated\">\n\t\t\t\t\t\t<div class=\"elementor-element elementor-element-c000a08 elementor-widget elementor-widget-image\" data-id=\"c000a08\" data-element_type=\"widget\" data-e-type=\"widget\" data-widget_type=\"image.default\">\n\t\t\t\t<div class=\"elementor-widget-container\">\n\t\t\t\t\t\t\t\t\t\t\t\t\t\t\t<img decoding=\"async\" width=\"800\" height=\"533\" src=\"https:\/\/www.krafael.org.il\/wp-content\/uploads\/2018\/05\/Group2017-1.jpg\" class=\"attachment-large size-large wp-image-4179\" alt=\"\" srcset=\"https:\/\/www.krafael.org.il\/wp-content\/uploads\/2018\/05\/Group2017-1.jpg 800w, https:\/\/www.krafael.org.il\/wp-content\/uploads\/2018\/05\/Group2017-1-300x200.jpg 300w, https:\/\/www.krafael.org.il\/wp-content\/uploads\/2018\/05\/Group2017-1-768x512.jpg 768w\" sizes=\"(max-width: 800px) 100vw, 800px\" \/>\t\t\t\t\t\t\t\t\t\t\t\t\t\t\t<\/div>\n\t\t\t\t<\/div>\n\t\t\t\t<div class=\"elementor-element elementor-element-b0efe12 elementor-widget elementor-widget-text-editor\" data-id=\"b0efe12\" data-element_type=\"widget\" data-e-type=\"widget\" data-widget_type=\"text-editor.default\">\n\t\t\t\t<div class=\"elementor-widget-container\">\n\t\t\t\t\t\t\t\t\t<p>Eine l\u00e4ndliche Gemeinde<br \/>Eine friedliche und bl\u00fchende, gr\u00fcne Umgebung und menschliche Intensit\u00e4t erm\u00f6glichen es uns, soziale Kunst aus den Herausforderungen und der geteilten Verantwortung heraus zu praktizieren.<\/p>\t\t\t\t\t\t\t\t<\/div>\n\t\t\t\t<\/div>\n\t\t\t\t\t<\/div>\n\t\t<\/div>\n\t\t\t\t<div class=\"elementor-column elementor-col-33 elementor-top-column elementor-element elementor-element-20c728c\" data-id=\"20c728c\" data-element_type=\"column\" data-e-type=\"column\">\n\t\t\t<div class=\"elementor-widget-wrap elementor-element-populated\">\n\t\t\t\t\t\t<div class=\"elementor-element elementor-element-0b9b766 elementor-widget elementor-widget-image\" data-id=\"0b9b766\" data-element_type=\"widget\" data-e-type=\"widget\" data-widget_type=\"image.default\">\n\t\t\t\t<div class=\"elementor-widget-container\">\n\t\t\t\t\t\t\t\t\t\t\t\t\t\t\t<img decoding=\"async\" width=\"800\" height=\"533\" src=\"https:\/\/www.krafael.org.il\/wp-content\/uploads\/2018\/10\/choir.jpg\" class=\"attachment-large size-large wp-image-4187\" alt=\"\" srcset=\"https:\/\/www.krafael.org.il\/wp-content\/uploads\/2018\/10\/choir.jpg 800w, https:\/\/www.krafael.org.il\/wp-content\/uploads\/2018\/10\/choir-300x200.jpg 300w, https:\/\/www.krafael.org.il\/wp-content\/uploads\/2018\/10\/choir-768x512.jpg 768w\" sizes=\"(max-width: 800px) 100vw, 800px\" \/>\t\t\t\t\t\t\t\t\t\t\t\t\t\t\t<\/div>\n\t\t\t\t<\/div>\n\t\t\t\t<div class=\"elementor-element elementor-element-23531b9 elementor-widget elementor-widget-text-editor\" data-id=\"23531b9\" data-element_type=\"widget\" data-e-type=\"widget\" data-widget_type=\"text-editor.default\">\n\t\t\t\t<div class=\"elementor-widget-container\">\n\t\t\t\t\t\t\t\t\t<p>Kulturelles Leben und Studium<br \/>Die Partnerschaft bei der Gestaltung von Feiertagen rund um das Jahr und das Studium von Anthroposophie-Inhalten sind von zentraler Bedeutung f\u00fcr unser kulturelles Leben.<\/p>\t\t\t\t\t\t\t\t<\/div>\n\t\t\t\t<\/div>\n\t\t\t\t\t<\/div>\n\t\t<\/div>\n\t\t\t\t<div class=\"elementor-column elementor-col-33 elementor-top-column elementor-element elementor-element-97b2050\" data-id=\"97b2050\" data-element_type=\"column\" data-e-type=\"column\">\n\t\t\t<div class=\"elementor-widget-wrap elementor-element-populated\">\n\t\t\t\t\t\t<div class=\"elementor-element elementor-element-f0ff54b elementor-widget elementor-widget-image\" data-id=\"f0ff54b\" data-element_type=\"widget\" data-e-type=\"widget\" data-widget_type=\"image.default\">\n\t\t\t\t<div class=\"elementor-widget-container\">\n\t\t\t\t\t\t\t\t\t\t\t\t\t\t\t<img loading=\"lazy\" decoding=\"async\" width=\"380\" height=\"246\" src=\"https:\/\/www.krafael.org.il\/wp-content\/uploads\/2018\/05\/jeladim.jpg\" class=\"attachment-full size-full wp-image-4188\" alt=\"\" srcset=\"https:\/\/www.krafael.org.il\/wp-content\/uploads\/2018\/05\/jeladim.jpg 380w, https:\/\/www.krafael.org.il\/wp-content\/uploads\/2018\/05\/jeladim-300x194.jpg 300w\" sizes=\"(max-width: 380px) 100vw, 380px\" \/>\t\t\t\t\t\t\t\t\t\t\t\t\t\t\t<\/div>\n\t\t\t\t<\/div>\n\t\t\t\t<div class=\"elementor-element elementor-element-15b28bf elementor-widget elementor-widget-text-editor\" data-id=\"15b28bf\" data-element_type=\"widget\" data-e-type=\"widget\" data-widget_type=\"text-editor.default\">\n\t\t\t\t<div class=\"elementor-widget-container\">\n\t\t\t\t\t\t\t\t\t<p>Waldorfp\u00e4dagogik f\u00fcr Kinder<br \/>\nDie Kinder im Dorf genie\u00dfen das Angebot der Gemeinschaft und integrieren sich in das anthroposophische Bildungssystem in Beer-Sheva &#8211; in der Neta Erez Waldorfschule.<\/p>\n\t\t\t\t\t\t\t\t<\/div>\n\t\t\t\t<\/div>\n\t\t\t\t\t<\/div>\n\t\t<\/div>\n\t\t\t\t\t<\/div>\n\t\t<\/section>\n\t\t\t\t<section class=\"elementor-section elementor-top-section elementor-element elementor-element-44f10f3 elementor-section-boxed elementor-section-height-default elementor-section-height-default\" data-id=\"44f10f3\" data-element_type=\"section\" data-e-type=\"section\">\n\t\t\t\t\t\t<div class=\"elementor-container elementor-column-gap-default\">\n\t\t\t\t\t<div class=\"elementor-column elementor-col-100 elementor-top-column elementor-element elementor-element-18e052e\" data-id=\"18e052e\" data-element_type=\"column\" data-e-type=\"column\">\n\t\t\t<div class=\"elementor-widget-wrap elementor-element-populated\">\n\t\t\t\t\t\t<div class=\"elementor-element elementor-element-32791e9 elementor-widget elementor-widget-spacer\" data-id=\"32791e9\" data-element_type=\"widget\" data-e-type=\"widget\" data-widget_type=\"spacer.default\">\n\t\t\t\t<div class=\"elementor-widget-container\">\n\t\t\t\t\t\t\t<div class=\"elementor-spacer\">\n\t\t\t<div class=\"elementor-spacer-inner\"><\/div>\n\t\t<\/div>\n\t\t\t\t\t\t<\/div>\n\t\t\t\t<\/div>\n\t\t\t\t\t<\/div>\n\t\t<\/div>\n\t\t\t\t\t<\/div>\n\t\t<\/section>\n\t\t\t\t<section class=\"elementor-section elementor-top-section elementor-element elementor-element-xnaozyt elementor-section-boxed elementor-section-height-default elementor-section-height-default\" data-id=\"xnaozyt\" data-element_type=\"section\" data-e-type=\"section\" data-settings=\"{&quot;background_background&quot;:&quot;classic&quot;}\">\n\t\t\t\t\t\t<div class=\"elementor-container elementor-column-gap-default\">\n\t\t\t\t\t<div class=\"elementor-column elementor-col-100 elementor-top-column elementor-element elementor-element-nkwlfki\" data-id=\"nkwlfki\" data-element_type=\"column\" data-e-type=\"column\">\n\t\t\t<div class=\"elementor-widget-wrap elementor-element-populated\">\n\t\t\t\t\t\t<div class=\"elementor-element elementor-element-cfjoafb elementor-view-default elementor-widget elementor-widget-icon\" data-id=\"cfjoafb\" data-element_type=\"widget\" data-e-type=\"widget\" data-widget_type=\"icon.default\">\n\t\t\t\t<div class=\"elementor-widget-container\">\n\t\t\t\t\t\t\t<div class=\"elementor-icon-wrapper\">\n\t\t\t<div class=\"elementor-icon\">\n\t\t\t\t\t\t\t<i class=\"fa fa-quote-right\" aria-hidden=\"true\"><\/i>\n\t\t\t\t\t\t<\/div>\n\t\t<\/div>\n\t\t\t\t\t\t<\/div>\n\t\t\t\t<\/div>\n\t\t\t\t<div class=\"elementor-element elementor-element-tbjztgg elementor-widget elementor-widget-testimonial\" data-id=\"tbjztgg\" data-element_type=\"widget\" data-e-type=\"widget\" data-widget_type=\"testimonial.default\">\n\t\t\t\t<div class=\"elementor-widget-container\">\n\t\t\t\t\t\t\t<div class=\"elementor-testimonial-wrapper\">\n\t\t\t\t\t\t\t<div class=\"elementor-testimonial-content\"><p>Heilung gibt es,<\/p>\n<p>wenn in der menschlichen Seele<\/p>\n<p>die gesamte Gemeinschaft sich gestaltet;<\/p>\n<p>Und in der Gemeinschaft lebt<\/p>\n<p>Die Kraft der Seele - des Individuum<\/p>\n<\/div>\n\t\t\t\n\t\t\t\t\t\t<div class=\"elementor-testimonial-meta\">\n\t\t\t\t<div class=\"elementor-testimonial-meta-inner\">\n\t\t\t\t\t\n\t\t\t\t\t\t\t\t\t\t<div class=\"elementor-testimonial-details\">\n\t\t\t\t\t\t\t\t\t\t\t\t\t\t<div class=\"elementor-testimonial-name\">R.Steiner<\/div>\n\t\t\t\t\t\t\t\t\t\t\t\t\t\t\t\t\t\t\t<\/div>\n\t\t\t\t\t\t\t\t\t<\/div>\n\t\t\t<\/div>\n\t\t\t\t\t<\/div>\n\t\t\t\t\t\t<\/div>\n\t\t\t\t<\/div>\n\t\t\t\t\t<\/div>\n\t\t<\/div>\n\t\t\t\t\t<\/div>\n\t\t<\/section>\n\t\t\t\t<section class=\"elementor-section elementor-top-section elementor-element elementor-element-d15f434 elementor-section-boxed elementor-section-height-default elementor-section-height-default\" data-id=\"d15f434\" data-element_type=\"section\" data-e-type=\"section\">\n\t\t\t\t\t\t<div class=\"elementor-container elementor-column-gap-default\">\n\t\t\t\t\t<div class=\"elementor-column elementor-col-100 elementor-top-column elementor-element elementor-element-1e81c7d\" data-id=\"1e81c7d\" data-element_type=\"column\" data-e-type=\"column\">\n\t\t\t<div class=\"elementor-widget-wrap elementor-element-populated\">\n\t\t\t\t\t\t<div class=\"elementor-element elementor-element-e2a46fd elementor-widget elementor-widget-menu-anchor\" data-id=\"e2a46fd\" data-element_type=\"widget\" data-e-type=\"widget\" data-widget_type=\"menu-anchor.default\">\n\t\t\t\t<div class=\"elementor-widget-container\">\n\t\t\t\t\t\t\t<div class=\"elementor-menu-anchor\" id=\"contact\"><\/div>\n\t\t\t\t\t\t<\/div>\n\t\t\t\t<\/div>\n\t\t\t\t\t<\/div>\n\t\t<\/div>\n\t\t\t\t\t<\/div>\n\t\t<\/section>\n\t\t\t\t<section class=\"elementor-section elementor-top-section elementor-element elementor-element-612891fc elementor-section-boxed elementor-section-height-default elementor-section-height-default\" data-id=\"612891fc\" data-element_type=\"section\" data-e-type=\"section\" data-settings=\"{&quot;background_background&quot;:&quot;classic&quot;}\">\n\t\t\t\t\t\t<div class=\"elementor-container elementor-column-gap-default\">\n\t\t\t\t\t<div class=\"elementor-column elementor-col-50 elementor-top-column elementor-element elementor-element-21e5a461\" data-id=\"21e5a461\" data-element_type=\"column\" data-e-type=\"column\">\n\t\t\t<div class=\"elementor-widget-wrap elementor-element-populated\">\n\t\t\t\t\t\t<div class=\"elementor-element elementor-element-496caeb3 elementor-widget elementor-widget-heading\" data-id=\"496caeb3\" data-element_type=\"widget\" data-e-type=\"widget\" data-widget_type=\"heading.default\">\n\t\t\t\t<div class=\"elementor-widget-container\">\n\t\t\t\t\t<h4 class=\"elementor-heading-title elementor-size-large\">Kontakt<\/h4>\t\t\t\t<\/div>\n\t\t\t\t<\/div>\n\t\t\t\t<div class=\"elementor-element elementor-element-c79b0b0 elementor-widget elementor-widget-text-editor\" data-id=\"c79b0b0\" data-element_type=\"widget\" data-e-type=\"widget\" data-widget_type=\"text-editor.default\">\n\t\t\t\t<div class=\"elementor-widget-container\">\n\t\t\t\t\t\t\t\t\t<h6>Telefon 08-6462300<\/h6>\n<h6>Fax. 08-6418102<\/h6>\n<h6><strong>email:<\/strong> families@krafael.org.il<\/h6>\n<h6><strong>Adresse:<\/strong> Kfar Rafael, P.O.B.425,\u00a0 8410301 Beer Sheva<\/h6>\n<h6><strong>Sie sind herzlich eingeladen mit uns Kontakt aufzunehmen &#8211; zu jedem Thema&#8230;.\u00a0<\/strong><\/h6>\n\t\t\t\t\t\t\t\t<\/div>\n\t\t\t\t<\/div>\n\t\t\t\t\t<\/div>\n\t\t<\/div>\n\t\t\t\t<div class=\"elementor-column elementor-col-50 elementor-top-column elementor-element elementor-element-e58d01a\" data-id=\"e58d01a\" data-element_type=\"column\" data-e-type=\"column\">\n\t\t\t<div class=\"elementor-widget-wrap elementor-element-populated\">\n\t\t\t\t\t\t<div class=\"elementor-element elementor-element-762fbfc elementor-widget elementor-widget-shortcode\" data-id=\"762fbfc\" data-element_type=\"widget\" data-e-type=\"widget\" data-widget_type=\"shortcode.default\">\n\t\t\t\t<div class=\"elementor-widget-container\">\n\t\t\t\t\t\t\t<div class=\"elementor-shortcode\"><p class=\"wpcf7-contact-form-not-found\"><strong>Fehler:<\/strong> Kontaktformular wurde nicht gefunden.<\/p><\/div>\n\t\t\t\t\t\t<\/div>\n\t\t\t\t<\/div>\n\t\t\t\t\t<\/div>\n\t\t<\/div>\n\t\t\t\t\t<\/div>\n\t\t<\/section>\n\t\t\t\t<\/div>\n\t\t","protected":false},"excerpt":{"rendered":"<p>Familien Um Kfar Rafael langfristig zu erhalten und zu erweitern, suchen wir immer wieder neue Pflegefamilien, die mit uns das gemeinsame Leben mit unseren Betreuten teilen wollen. Aufgrund der besonderen Beschaffenheit des Lebens- und Arbeitsortes sind wir an Menschen mit Erfahrung in dieser Art von Arbeit interessiert, welche auch eine Verbindung zur Anthroposophie haben, aus [&hellip;]<\/p>\n","protected":false},"author":2,"featured_media":0,"parent":0,"menu_order":0,"comment_status":"closed","ping_status":"closed","template":"","meta":{"_joinchat":[],"footnotes":"","_links_to":"","_links_to_target":""},"class_list":["post-5707","page","type-page","status-publish","hentry"],"_links":{"self":[{"href":"https:\/\/www.krafael.org.il\/de\/wp-json\/wp\/v2\/pages\/5707","targetHints":{"allow":["GET"]}}],"collection":[{"href":"https:\/\/www.krafael.org.il\/de\/wp-json\/wp\/v2\/pages"}],"about":[{"href":"https:\/\/www.krafael.org.il\/de\/wp-json\/wp\/v2\/types\/page"}],"author":[{"embeddable":true,"href":"https:\/\/www.krafael.org.il\/de\/wp-json\/wp\/v2\/users\/2"}],"replies":[{"embeddable":true,"href":"https:\/\/www.krafael.org.il\/de\/wp-json\/wp\/v2\/comments?post=5707"}],"version-history":[{"count":7,"href":"https:\/\/www.krafael.org.il\/de\/wp-json\/wp\/v2\/pages\/5707\/revisions"}],"predecessor-version":[{"id":6777,"href":"https:\/\/www.krafael.org.il\/de\/wp-json\/wp\/v2\/pages\/5707\/revisions\/6777"}],"wp:attachment":[{"href":"https:\/\/www.krafael.org.il\/de\/wp-json\/wp\/v2\/media?parent=5707"}],"curies":[{"name":"wp","href":"https:\/\/api.w.org\/{rel}","templated":true}]}}