{"id":5525,"date":"2019-05-21T18:29:22","date_gmt":"2019-05-21T15:29:22","guid":{"rendered":"https:\/\/www.krafael.org.il\/uber-uns\/"},"modified":"2025-06-03T18:22:46","modified_gmt":"2025-06-03T15:22:46","slug":"uber-uns","status":"publish","type":"page","link":"https:\/\/www.krafael.org.il\/de\/uber-uns\/","title":{"rendered":"\u00dcber uns"},"content":{"rendered":"\t\t<div data-elementor-type=\"wp-post\" data-elementor-id=\"5525\" class=\"elementor elementor-5525 elementor-2641\">\n\t\t\t\t\t\t<section class=\"elementor-section elementor-top-section elementor-element elementor-element-5760237 elementor-section-boxed elementor-section-height-default elementor-section-height-default\" data-id=\"5760237\" data-element_type=\"section\" data-e-type=\"section\">\n\t\t\t\t\t\t<div class=\"elementor-container elementor-column-gap-default\">\n\t\t\t\t\t<div class=\"elementor-column elementor-col-100 elementor-top-column elementor-element elementor-element-92843a7\" data-id=\"92843a7\" data-element_type=\"column\" data-e-type=\"column\">\n\t\t\t<div class=\"elementor-widget-wrap elementor-element-populated\">\n\t\t\t\t\t\t<div class=\"elementor-element elementor-element-08d224f elementor-widget elementor-widget-spacer\" data-id=\"08d224f\" data-element_type=\"widget\" data-e-type=\"widget\" data-widget_type=\"spacer.default\">\n\t\t\t\t<div class=\"elementor-widget-container\">\n\t\t\t\t\t\t\t<div class=\"elementor-spacer\">\n\t\t\t<div class=\"elementor-spacer-inner\"><\/div>\n\t\t<\/div>\n\t\t\t\t\t\t<\/div>\n\t\t\t\t<\/div>\n\t\t\t\t\t<\/div>\n\t\t<\/div>\n\t\t\t\t\t<\/div>\n\t\t<\/section>\n\t\t\t\t<section class=\"elementor-section elementor-top-section elementor-element elementor-element-1235799 elementor-section-boxed elementor-section-height-default elementor-section-height-default\" data-id=\"1235799\" data-element_type=\"section\" data-e-type=\"section\">\n\t\t\t\t\t\t<div class=\"elementor-container elementor-column-gap-default\">\n\t\t\t\t\t<div class=\"elementor-column elementor-col-100 elementor-top-column elementor-element elementor-element-c4fba69\" data-id=\"c4fba69\" data-element_type=\"column\" data-e-type=\"column\">\n\t\t\t<div class=\"elementor-widget-wrap elementor-element-populated\">\n\t\t\t\t\t\t<div class=\"elementor-element elementor-element-d55c85e elementor-widget elementor-widget-heading\" data-id=\"d55c85e\" data-element_type=\"widget\" data-e-type=\"widget\" data-widget_type=\"heading.default\">\n\t\t\t\t<div class=\"elementor-widget-container\">\n\t\t\t\t\t<h1 class=\"elementor-heading-title elementor-size-default\">Wer sind wir?<\/h1>\t\t\t\t<\/div>\n\t\t\t\t<\/div>\n\t\t\t\t\t<\/div>\n\t\t<\/div>\n\t\t\t\t\t<\/div>\n\t\t<\/section>\n\t\t\t\t<section class=\"elementor-section elementor-top-section elementor-element elementor-element-pnsxmai elementor-section-boxed elementor-section-height-default elementor-section-height-default\" data-id=\"pnsxmai\" data-element_type=\"section\" data-e-type=\"section\" data-settings=\"{&quot;background_background&quot;:&quot;classic&quot;}\">\n\t\t\t\t\t\t<div class=\"elementor-container elementor-column-gap-wider\">\n\t\t\t\t\t<div class=\"elementor-column elementor-col-100 elementor-top-column elementor-element elementor-element-68cb46c\" data-id=\"68cb46c\" data-element_type=\"column\" data-e-type=\"column\">\n\t\t\t<div class=\"elementor-widget-wrap elementor-element-populated\">\n\t\t\t\t\t\t<section class=\"elementor-section elementor-inner-section elementor-element elementor-element-bbee455 elementor-section-boxed elementor-section-height-default elementor-section-height-default\" data-id=\"bbee455\" data-element_type=\"section\" data-e-type=\"section\">\n\t\t\t\t\t\t<div class=\"elementor-container elementor-column-gap-default\">\n\t\t\t\t\t<div class=\"elementor-column elementor-col-33 elementor-inner-column elementor-element elementor-element-69de72e\" data-id=\"69de72e\" data-element_type=\"column\" data-e-type=\"column\">\n\t\t\t<div class=\"elementor-widget-wrap elementor-element-populated\">\n\t\t\t\t\t\t<div class=\"elementor-element elementor-element-474b51b elementor-widget elementor-widget-heading\" data-id=\"474b51b\" data-element_type=\"widget\" data-e-type=\"widget\" data-widget_type=\"heading.default\">\n\t\t\t\t<div class=\"elementor-widget-container\">\n\t\t\t\t\t<h2 class=\"elementor-heading-title elementor-size-default\">Die Quelle der Inspiration<\/h2>\t\t\t\t<\/div>\n\t\t\t\t<\/div>\n\t\t\t\t<div class=\"elementor-element elementor-element-b6fdc37 elementor-widget elementor-widget-image\" data-id=\"b6fdc37\" data-element_type=\"widget\" data-e-type=\"widget\" data-widget_type=\"image.default\">\n\t\t\t\t<div class=\"elementor-widget-container\">\n\t\t\t\t\t\t\t\t\t\t\t\t\t\t\t<img fetchpriority=\"high\" decoding=\"async\" width=\"574\" height=\"431\" src=\"https:\/\/www.krafael.org.il\/wp-content\/uploads\/2018\/05\/Goetheanum.jpg\" class=\"attachment-large size-large wp-image-4018\" alt=\"\" srcset=\"https:\/\/www.krafael.org.il\/wp-content\/uploads\/2018\/05\/Goetheanum.jpg 574w, https:\/\/www.krafael.org.il\/wp-content\/uploads\/2018\/05\/Goetheanum-300x225.jpg 300w\" sizes=\"(max-width: 574px) 100vw, 574px\" \/>\t\t\t\t\t\t\t\t\t\t\t\t\t\t\t<\/div>\n\t\t\t\t<\/div>\n\t\t\t\t<div class=\"elementor-element elementor-element-2a9a76d elementor-widget elementor-widget-text-editor\" data-id=\"2a9a76d\" data-element_type=\"widget\" data-e-type=\"widget\" data-widget_type=\"text-editor.default\">\n\t\t\t\t<div class=\"elementor-widget-container\">\n\t\t\t\t\t\t\t\t\t<p style=\"text-align: left;\">Die wichtigsten Inspirationsquellen f\u00fcr diesen therapeutischen Ansatz sind die Philosophie des deutsch-\u00f6sterreichischen Philosophen Dr. Rudolf Steiner (1861-1925) und seine Arbeit, die Heilp\u00e4dagogik (Anthroposophische Sonderp\u00e4dagogik), gefolgt von der Sozialtherapie (Aufbau von Gemeinschaften mit und f\u00fcr Erwachsene mit besonderen Bed\u00fcrfnissen). Entwickelt im vorigen Jahrhundert, zuerst in Mitteleuropa und dann in Grossbritanien, in den Vereinigten Staaten und anderen L\u00e4ndern. Derzeit gibt es weltweit etwa 200 therapeutische Gemeinschaften, in denen Menschen jeden Alters, die an Entwicklungsst\u00f6rungen leiden, leben und arbeiten.<\/p><p style=\"text-align: left;\">\u00a0<\/p>\t\t\t\t\t\t\t\t<\/div>\n\t\t\t\t<\/div>\n\t\t\t\t\t<\/div>\n\t\t<\/div>\n\t\t\t\t<div class=\"elementor-column elementor-col-33 elementor-inner-column elementor-element elementor-element-044e828\" data-id=\"044e828\" data-element_type=\"column\" data-e-type=\"column\">\n\t\t\t<div class=\"elementor-widget-wrap elementor-element-populated\">\n\t\t\t\t\t\t<div class=\"elementor-element elementor-element-34bfcc0 elementor-widget elementor-widget-heading\" data-id=\"34bfcc0\" data-element_type=\"widget\" data-e-type=\"widget\" data-widget_type=\"heading.default\">\n\t\t\t\t<div class=\"elementor-widget-container\">\n\t\t\t\t\t<h2 class=\"elementor-heading-title elementor-size-default\"><a href=\"http:\/\/www.krafael.org.il\/history\/\"><br>Geschichte<\/a><\/h2>\t\t\t\t<\/div>\n\t\t\t\t<\/div>\n\t\t\t\t<div class=\"elementor-element elementor-element-18bb624 elementor-widget elementor-widget-image\" data-id=\"18bb624\" data-element_type=\"widget\" data-e-type=\"widget\" data-widget_type=\"image.default\">\n\t\t\t\t<div class=\"elementor-widget-container\">\n\t\t\t\t\t\t\t\t\t\t\t\t\t\t\t\t<a href=\"http:\/\/Geschichte\">\n\t\t\t\t\t\t\t<img decoding=\"async\" width=\"640\" height=\"480\" src=\"https:\/\/www.krafael.org.il\/wp-content\/uploads\/2018\/05\/polak-family.jpg\" class=\"attachment-large size-large wp-image-4017\" alt=\"\" srcset=\"https:\/\/www.krafael.org.il\/wp-content\/uploads\/2018\/05\/polak-family.jpg 640w, https:\/\/www.krafael.org.il\/wp-content\/uploads\/2018\/05\/polak-family-300x225.jpg 300w\" sizes=\"(max-width: 640px) 100vw, 640px\" \/>\t\t\t\t\t\t\t\t<\/a>\n\t\t\t\t\t\t\t\t\t\t\t\t\t\t\t<\/div>\n\t\t\t\t<\/div>\n\t\t\t\t<div class=\"elementor-element elementor-element-5330ce7 elementor-widget elementor-widget-text-editor\" data-id=\"5330ce7\" data-element_type=\"widget\" data-e-type=\"widget\" data-widget_type=\"text-editor.default\">\n\t\t\t\t<div class=\"elementor-widget-container\">\n\t\t\t\t\t\t\t\t\t<p style=\"text-align: left;\">ie Initiative zur Gr\u00fcndung des Dorfes wurde in den fr\u00fchen 1970er Jahren ins Leben gerufen, als eine Gruppe von Eltern bed\u00fcrftiger Kinder, die seit 1969 in der anthroposophischen Einrichtug &#8222;Beit Eliahu&#8220; in Be&#8217;er Sheva lebten, begann, mit der Ermutigung der Gr\u00fcnder und Leiter, \u00fcber die Zukunft ihrer Kinder nachzudenken. Dies waren haupts\u00e4chlich die Jerusalemer Anthroposophen, angef\u00fchrt von Hava und Michael Levy. Gemeinsam mit der Schweizerin Ruth Mosimann, die ihre Ausbildung zur Heilp\u00e4dagogin bei Fred Goiter in Ravenswood, England, absolviert hatte, bauten sie das Beit Eliahu auf.<\/p><p style=\"text-align: left;\">\u00a0<\/p>\t\t\t\t\t\t\t\t<\/div>\n\t\t\t\t<\/div>\n\t\t\t\t\t<\/div>\n\t\t<\/div>\n\t\t\t\t<div class=\"elementor-column elementor-col-33 elementor-inner-column elementor-element elementor-element-1e66ef4\" data-id=\"1e66ef4\" data-element_type=\"column\" data-e-type=\"column\">\n\t\t\t<div class=\"elementor-widget-wrap elementor-element-populated\">\n\t\t\t\t\t\t<div class=\"elementor-element elementor-element-767abec elementor-widget elementor-widget-heading\" data-id=\"767abec\" data-element_type=\"widget\" data-e-type=\"widget\" data-widget_type=\"heading.default\">\n\t\t\t\t<div class=\"elementor-widget-container\">\n\t\t\t\t\t<h2 class=\"elementor-heading-title elementor-size-default\">Betrieb und Finanzierung<\/h2>\t\t\t\t<\/div>\n\t\t\t\t<\/div>\n\t\t\t\t<div class=\"elementor-element elementor-element-b92f1f4 elementor-widget elementor-widget-image\" data-id=\"b92f1f4\" data-element_type=\"widget\" data-e-type=\"widget\" data-widget_type=\"image.default\">\n\t\t\t\t<div class=\"elementor-widget-container\">\n\t\t\t\t\t\t\t\t\t\t\t\t\t\t\t\t<a href=\"http:\/\/Spenden\">\n\t\t\t\t\t\t\t<img decoding=\"async\" width=\"480\" height=\"360\" src=\"https:\/\/www.krafael.org.il\/wp-content\/uploads\/2018\/06\/red-ribon2.jpg\" class=\"attachment-large size-large wp-image-4022\" alt=\"\" srcset=\"https:\/\/www.krafael.org.il\/wp-content\/uploads\/2018\/06\/red-ribon2.jpg 480w, https:\/\/www.krafael.org.il\/wp-content\/uploads\/2018\/06\/red-ribon2-300x225.jpg 300w\" sizes=\"(max-width: 480px) 100vw, 480px\" \/>\t\t\t\t\t\t\t\t<\/a>\n\t\t\t\t\t\t\t\t\t\t\t\t\t\t\t<\/div>\n\t\t\t\t<\/div>\n\t\t\t\t<div class=\"elementor-element elementor-element-15fe747 elementor-widget elementor-widget-text-editor\" data-id=\"15fe747\" data-element_type=\"widget\" data-e-type=\"widget\" data-widget_type=\"text-editor.default\">\n\t\t\t\t<div class=\"elementor-widget-container\">\n\t\t\t\t\t\t\t\t\t<p>Kfar Rafael wird von einer \u00f6ffentlichen Vereinigung betrieben, die auf freiwilliger Basis t\u00e4tig ist. Die laufenden Aktivit\u00e4ten werden von der Behindertenverwaltung des Wohlfahrtsministeriums finanziert und von seinem Vorgesetzten geleitet. Alle Bewohner werden durch die Vermittlungskommission der Sparte vermittelt. Kfar Rafael Association (RA) sammelt Spenden f\u00fcr Bauten und Renovierung. Die wichtigsten Institutionen, die bisher beigetragen haben,\u00a0 sind die \u201eKeren HaYesod\u201c, \u201eHa Bituach HaLeumi\u201c, \u201edie Rothschild -Stiftung\u201c, \u201eJoint\u201c, \u201eRaschi-Tape\u201c, die &#8222;Lord Mitchell Foundation&#8220; und viele Spenden von privaten Spendern aus Israel und dem Ausland.<\/p><p>Spenden &#8230;<\/p>\t\t\t\t\t\t\t\t<\/div>\n\t\t\t\t<\/div>\n\t\t\t\t\t<\/div>\n\t\t<\/div>\n\t\t\t\t\t<\/div>\n\t\t<\/section>\n\t\t\t\t\t<\/div>\n\t\t<\/div>\n\t\t\t\t\t<\/div>\n\t\t<\/section>\n\t\t\t\t<section class=\"elementor-section elementor-top-section elementor-element elementor-element-078ef85 elementor-section-boxed elementor-section-height-default elementor-section-height-default\" data-id=\"078ef85\" data-element_type=\"section\" data-e-type=\"section\">\n\t\t\t\t\t\t<div class=\"elementor-container elementor-column-gap-default\">\n\t\t\t\t\t<div class=\"elementor-column elementor-col-50 elementor-top-column elementor-element elementor-element-7809365\" data-id=\"7809365\" data-element_type=\"column\" data-e-type=\"column\">\n\t\t\t<div class=\"elementor-widget-wrap elementor-element-populated\">\n\t\t\t\t\t\t<div class=\"elementor-element elementor-element-ae28083 elementor-widget elementor-widget-heading\" data-id=\"ae28083\" data-element_type=\"widget\" data-e-type=\"widget\" data-widget_type=\"heading.default\">\n\t\t\t\t<div class=\"elementor-widget-container\">\n\t\t\t\t\t<h2 class=\"elementor-heading-title elementor-size-default\">Kfar Rafael in Zahlen<\/h2>\t\t\t\t<\/div>\n\t\t\t\t<\/div>\n\t\t\t\t<div class=\"elementor-element elementor-element-63be591 elementor-widget elementor-widget-text-editor\" data-id=\"63be591\" data-element_type=\"widget\" data-e-type=\"widget\" data-widget_type=\"text-editor.default\">\n\t\t\t\t<div class=\"elementor-widget-container\">\n\t\t\t\t\t\t\t\t\t<p>Im Kfar Rafael leben derzeit 53\u00a0 Dorfbewohner im Alter von 21 bis 80 Jahren, 12 Familien mit ca.30 Kindern und etwa 35 Freiwilligen &#8211; insgesamt etwa 140 Personen.<\/p><p>Kfar Rafael bedeckt ein Gebiet von 120 Dunam (12 ha); 40 davon sind f\u00fcr Bauten und der Rest f\u00fcr die Landwirtschaft bestimmt.<\/p><p>In 5 Geb\u00e4uden wurden neun Wohneinheiten f\u00fcr &#8222;Gro\u00dffamilien&#8220; gebaut. Dar\u00fcber hinaus entstanden: eine Zentrale f\u00fcr W\u00e4rme und Strom, 5 Werkstattgeb\u00e4ude mit W\u00e4scherei, B\u00e4ckerei, Schreinerei, kleiner Garage, Lagerraum f\u00fcr landwirtschaftliche Erzeugnisse mit K\u00fchlraum, Werkstatt f\u00fcr Lebensmittelverarbeitung, Weberei, Papier-recycling-werkstatt, und einem kleinen Laden;\u00a0 sowie ein Mehrzweckgeb\u00e4ude mit Konferenzraum und Konzerthalle, B\u00fcros, einer Klinik und Mitarbeiterzimmer. Und daneben ein Sportplatz. Zus\u00e4tzlich wurden sechs Wohneinheiten f\u00fcr Mitarbeiter eingerichtet. Insgesamt sind 5.700 Quadratmeter \u00fcberbaut, davon 4.700 f\u00fcr Wohnzwecke und 1.000 f\u00fcr Werkst\u00e4tten und Servicegeb\u00e4ude.<\/p><p>Auf der biologisch-dynamischen Landwirtschaftsfl\u00e4che werden 35 Dunam f\u00fcr intensiven Anbau und weitere 10 Dunam f\u00fcr Haine und Windschutz verwendet. Die Hauptkulturen sind Aprikosen, Oliven, Avocados, Feigen, Zitronen, Granat\u00e4pfel u.a. &#8211; und der bio-dynamische Gem\u00fcsegarten.<br \/>Wir hoffen, die Bewohnerzahl durch die Aufnahme einer weiteren Pflegefamilie zu erh\u00f6hen (derzeit sind nicht alle Wohneinheiten belegt).<\/p>\t\t\t\t\t\t\t\t<\/div>\n\t\t\t\t<\/div>\n\t\t\t\t\t<\/div>\n\t\t<\/div>\n\t\t\t\t<div class=\"elementor-column elementor-col-50 elementor-top-column elementor-element elementor-element-5a99804\" data-id=\"5a99804\" data-element_type=\"column\" data-e-type=\"column\">\n\t\t\t<div class=\"elementor-widget-wrap elementor-element-populated\">\n\t\t\t\t\t\t<div class=\"elementor-element elementor-element-b7af995 elementor-widget elementor-widget-image\" data-id=\"b7af995\" data-element_type=\"widget\" data-e-type=\"widget\" data-widget_type=\"image.default\">\n\t\t\t\t<div class=\"elementor-widget-container\">\n\t\t\t\t\t\t\t\t\t\t\t\t\t\t\t<img loading=\"lazy\" decoding=\"async\" width=\"700\" height=\"493\" src=\"https:\/\/www.krafael.org.il\/wp-content\/uploads\/2018\/05\/birdView.jpg\" class=\"attachment-large size-large wp-image-4020\" alt=\"\" srcset=\"https:\/\/www.krafael.org.il\/wp-content\/uploads\/2018\/05\/birdView.jpg 700w, https:\/\/www.krafael.org.il\/wp-content\/uploads\/2018\/05\/birdView-300x211.jpg 300w\" sizes=\"(max-width: 700px) 100vw, 700px\" \/>\t\t\t\t\t\t\t\t\t\t\t\t\t\t\t<\/div>\n\t\t\t\t<\/div>\n\t\t\t\t\t<\/div>\n\t\t<\/div>\n\t\t\t\t\t<\/div>\n\t\t<\/section>\n\t\t\t\t<section class=\"elementor-section elementor-top-section elementor-element elementor-element-5d23000 elementor-section-boxed elementor-section-height-default elementor-section-height-default\" data-id=\"5d23000\" data-element_type=\"section\" data-e-type=\"section\">\n\t\t\t\t\t\t<div class=\"elementor-container elementor-column-gap-default\">\n\t\t\t\t\t<div class=\"elementor-column elementor-col-25 elementor-top-column elementor-element elementor-element-035d6cf\" data-id=\"035d6cf\" data-element_type=\"column\" data-e-type=\"column\">\n\t\t\t<div class=\"elementor-widget-wrap elementor-element-populated\">\n\t\t\t\t\t\t<div class=\"elementor-element elementor-element-d53c5c4 elementor-widget elementor-widget-counter\" data-id=\"d53c5c4\" data-element_type=\"widget\" data-e-type=\"widget\" data-widget_type=\"counter.default\">\n\t\t\t\t<div class=\"elementor-widget-container\">\n\t\t\t\t\t\t\t<div class=\"elementor-counter\">\n\t\t\t<div class=\"elementor-counter-title\">Dorfbewohner<\/div>\t\t\t<div class=\"elementor-counter-number-wrapper\">\n\t\t\t\t<span class=\"elementor-counter-number-prefix\"><\/span>\n\t\t\t\t<span class=\"elementor-counter-number\" data-duration=\"2000\" data-to-value=\"53\" data-from-value=\"\" data-delimiter=\",\"><\/span>\n\t\t\t\t<span class=\"elementor-counter-number-suffix\"><\/span>\n\t\t\t<\/div>\n\t\t<\/div>\n\t\t\t\t\t\t<\/div>\n\t\t\t\t<\/div>\n\t\t\t\t\t<\/div>\n\t\t<\/div>\n\t\t\t\t<div class=\"elementor-column elementor-col-25 elementor-top-column elementor-element elementor-element-e83260e\" data-id=\"e83260e\" data-element_type=\"column\" data-e-type=\"column\">\n\t\t\t<div class=\"elementor-widget-wrap elementor-element-populated\">\n\t\t\t\t\t\t<div class=\"elementor-element elementor-element-153e2a6 elementor-widget elementor-widget-counter\" data-id=\"153e2a6\" data-element_type=\"widget\" data-e-type=\"widget\" data-widget_type=\"counter.default\">\n\t\t\t\t<div class=\"elementor-widget-container\">\n\t\t\t\t\t\t\t<div class=\"elementor-counter\">\n\t\t\t<div class=\"elementor-counter-title\">Familien<\/div>\t\t\t<div class=\"elementor-counter-number-wrapper\">\n\t\t\t\t<span class=\"elementor-counter-number-prefix\"><\/span>\n\t\t\t\t<span class=\"elementor-counter-number\" data-duration=\"2000\" data-to-value=\"12\" data-from-value=\"\" data-delimiter=\",\"><\/span>\n\t\t\t\t<span class=\"elementor-counter-number-suffix\"><\/span>\n\t\t\t<\/div>\n\t\t<\/div>\n\t\t\t\t\t\t<\/div>\n\t\t\t\t<\/div>\n\t\t\t\t\t<\/div>\n\t\t<\/div>\n\t\t\t\t<div class=\"elementor-column elementor-col-25 elementor-top-column elementor-element elementor-element-654ae0a\" data-id=\"654ae0a\" data-element_type=\"column\" data-e-type=\"column\">\n\t\t\t<div class=\"elementor-widget-wrap elementor-element-populated\">\n\t\t\t\t\t\t<div class=\"elementor-element elementor-element-a9a68ca elementor-widget elementor-widget-counter\" data-id=\"a9a68ca\" data-element_type=\"widget\" data-e-type=\"widget\" data-widget_type=\"counter.default\">\n\t\t\t\t<div class=\"elementor-widget-container\">\n\t\t\t\t\t\t\t<div class=\"elementor-counter\">\n\t\t\t<div class=\"elementor-counter-title\">Kinder<\/div>\t\t\t<div class=\"elementor-counter-number-wrapper\">\n\t\t\t\t<span class=\"elementor-counter-number-prefix\"><\/span>\n\t\t\t\t<span class=\"elementor-counter-number\" data-duration=\"2000\" data-to-value=\"30\" data-from-value=\"\" data-delimiter=\",\"><\/span>\n\t\t\t\t<span class=\"elementor-counter-number-suffix\"><\/span>\n\t\t\t<\/div>\n\t\t<\/div>\n\t\t\t\t\t\t<\/div>\n\t\t\t\t<\/div>\n\t\t\t\t\t<\/div>\n\t\t<\/div>\n\t\t\t\t<div class=\"elementor-column elementor-col-25 elementor-top-column elementor-element elementor-element-efd62b5\" data-id=\"efd62b5\" data-element_type=\"column\" data-e-type=\"column\">\n\t\t\t<div class=\"elementor-widget-wrap elementor-element-populated\">\n\t\t\t\t\t\t<div class=\"elementor-element elementor-element-f5ba658 elementor-widget elementor-widget-counter\" data-id=\"f5ba658\" data-element_type=\"widget\" data-e-type=\"widget\" data-widget_type=\"counter.default\">\n\t\t\t\t<div class=\"elementor-widget-container\">\n\t\t\t\t\t\t\t<div class=\"elementor-counter\">\n\t\t\t<div class=\"elementor-counter-title\">Junge Freiwillige<\/div>\t\t\t<div class=\"elementor-counter-number-wrapper\">\n\t\t\t\t<span class=\"elementor-counter-number-prefix\"><\/span>\n\t\t\t\t<span class=\"elementor-counter-number\" data-duration=\"2000\" data-to-value=\"35\" data-from-value=\"\" data-delimiter=\",\"><\/span>\n\t\t\t\t<span class=\"elementor-counter-number-suffix\"><\/span>\n\t\t\t<\/div>\n\t\t<\/div>\n\t\t\t\t\t\t<\/div>\n\t\t\t\t<\/div>\n\t\t\t\t\t<\/div>\n\t\t<\/div>\n\t\t\t\t\t<\/div>\n\t\t<\/section>\n\t\t\t\t<section class=\"elementor-section elementor-top-section elementor-element elementor-element-6a3e3c48 elementor-section-boxed elementor-section-height-default elementor-section-height-default\" data-id=\"6a3e3c48\" data-element_type=\"section\" data-e-type=\"section\" data-settings=\"{&quot;background_background&quot;:&quot;classic&quot;}\">\n\t\t\t\t\t\t<div class=\"elementor-container elementor-column-gap-default\">\n\t\t\t\t\t<div class=\"elementor-column elementor-col-50 elementor-top-column elementor-element elementor-element-69d334ff\" data-id=\"69d334ff\" data-element_type=\"column\" data-e-type=\"column\">\n\t\t\t<div class=\"elementor-widget-wrap elementor-element-populated\">\n\t\t\t\t\t\t<div class=\"elementor-element elementor-element-39e6a681 elementor-widget elementor-widget-heading\" data-id=\"39e6a681\" data-element_type=\"widget\" data-e-type=\"widget\" data-widget_type=\"heading.default\">\n\t\t\t\t<div class=\"elementor-widget-container\">\n\t\t\t\t\t<h4 class=\"elementor-heading-title elementor-size-large\">Kontakt<\/h4>\t\t\t\t<\/div>\n\t\t\t\t<\/div>\n\t\t\t\t<div class=\"elementor-element elementor-element-c605435 elementor-widget elementor-widget-text-editor\" data-id=\"c605435\" data-element_type=\"widget\" data-e-type=\"widget\" data-widget_type=\"text-editor.default\">\n\t\t\t\t<div class=\"elementor-widget-container\">\n\t\t\t\t\t\t\t\t\t<p><strong>Tel. Nr.:<\/strong> 08-6462300<\/p><p><strong>Fax:<\/strong> 08-6418102<\/p><p><strong>Email:<\/strong> office@krafael.org.il<\/p><p><strong>Adresse:<\/strong> Kfar Rafael, P.O.Box 425, 8410301 Beer Sheva , Israel<\/p><p><strong>Sie sind herzlich eingeladen, uns zu jedem Thema zu kontaktieren &#8230;<\/strong><\/p>\t\t\t\t\t\t\t\t<\/div>\n\t\t\t\t<\/div>\n\t\t\t\t\t<\/div>\n\t\t<\/div>\n\t\t\t\t<div class=\"elementor-column elementor-col-50 elementor-top-column elementor-element elementor-element-656b4ab9\" data-id=\"656b4ab9\" data-element_type=\"column\" data-e-type=\"column\">\n\t\t\t<div class=\"elementor-widget-wrap elementor-element-populated\">\n\t\t\t\t\t\t<div class=\"elementor-element elementor-element-d38142b elementor-widget elementor-widget-shortcode\" data-id=\"d38142b\" data-element_type=\"widget\" data-e-type=\"widget\" data-widget_type=\"shortcode.default\">\n\t\t\t\t<div class=\"elementor-widget-container\">\n\t\t\t\t\t\t\t<div class=\"elementor-shortcode\"><p class=\"wpcf7-contact-form-not-found\"><strong>Fehler:<\/strong> Kontaktformular wurde nicht gefunden.<\/p><\/div>\n\t\t\t\t\t\t<\/div>\n\t\t\t\t<\/div>\n\t\t\t\t\t<\/div>\n\t\t<\/div>\n\t\t\t\t\t<\/div>\n\t\t<\/section>\n\t\t\t\t<\/div>\n\t\t","protected":false},"excerpt":{"rendered":"<p>Wer sind wir? Die Quelle der Inspiration Die wichtigsten Inspirationsquellen f\u00fcr diesen therapeutischen Ansatz sind die Philosophie des deutsch-\u00f6sterreichischen Philosophen Dr. Rudolf Steiner (1861-1925) und seine Arbeit, die Heilp\u00e4dagogik (Anthroposophische Sonderp\u00e4dagogik), gefolgt von der Sozialtherapie (Aufbau von Gemeinschaften mit und f\u00fcr Erwachsene mit besonderen Bed\u00fcrfnissen). Entwickelt im vorigen Jahrhundert, zuerst in Mitteleuropa und dann in [&hellip;]<\/p>\n","protected":false},"author":2,"featured_media":0,"parent":0,"menu_order":0,"comment_status":"closed","ping_status":"closed","template":"","meta":{"_joinchat":[],"footnotes":"","_links_to":"","_links_to_target":""},"class_list":["post-5525","page","type-page","status-publish","hentry"],"_links":{"self":[{"href":"https:\/\/www.krafael.org.il\/de\/wp-json\/wp\/v2\/pages\/5525","targetHints":{"allow":["GET"]}}],"collection":[{"href":"https:\/\/www.krafael.org.il\/de\/wp-json\/wp\/v2\/pages"}],"about":[{"href":"https:\/\/www.krafael.org.il\/de\/wp-json\/wp\/v2\/types\/page"}],"author":[{"embeddable":true,"href":"https:\/\/www.krafael.org.il\/de\/wp-json\/wp\/v2\/users\/2"}],"replies":[{"embeddable":true,"href":"https:\/\/www.krafael.org.il\/de\/wp-json\/wp\/v2\/comments?post=5525"}],"version-history":[{"count":27,"href":"https:\/\/www.krafael.org.il\/de\/wp-json\/wp\/v2\/pages\/5525\/revisions"}],"predecessor-version":[{"id":6780,"href":"https:\/\/www.krafael.org.il\/de\/wp-json\/wp\/v2\/pages\/5525\/revisions\/6780"}],"wp:attachment":[{"href":"https:\/\/www.krafael.org.il\/de\/wp-json\/wp\/v2\/media?parent=5525"}],"curies":[{"name":"wp","href":"https:\/\/api.w.org\/{rel}","templated":true}]}}